{"id":102,"date":"2015-07-14T16:12:07","date_gmt":"2015-07-14T16:12:07","guid":{"rendered":"http:\/\/test.kriesi.at\/minimal-portfolio\/?page_id=102"},"modified":"2026-01-18T17:08:43","modified_gmt":"2026-01-18T17:08:43","slug":"portfolio","status":"publish","type":"page","link":"https:\/\/www.healingartsbern.ch\/?page_id=102","title":{"rendered":"Chinesische Medizin"},"content":{"rendered":"\n<style type=\"text\/css\" data-created_by=\"avia_inline_auto\" id=\"style-css-av-19o9r2-50f864a1850dde374b8eadf723fcb4d8\">\n.flex_column.av-19o9r2-50f864a1850dde374b8eadf723fcb4d8{\nborder-radius:0px 0px 0px 0px;\npadding:0px 0px 0px 0px;\n}\n<\/style>\n<div  class='flex_column av-19o9r2-50f864a1850dde374b8eadf723fcb4d8 av_one_full  avia-builder-el-0  el_before_av_portfolio  avia-builder-el-no-sibling  first flex_column_div av-zero-column-padding  '     ><p>\n<style type=\"text\/css\" data-created_by=\"avia_inline_auto\" id=\"style-css-av-10i03a-0af71de38e87e3720d6840150d78c632\">\n#top .av-special-heading.av-10i03a-0af71de38e87e3720d6840150d78c632{\npadding-bottom:10px;\n}\nbody .av-special-heading.av-10i03a-0af71de38e87e3720d6840150d78c632 .av-special-heading-tag .heading-char{\nfont-size:25px;\n}\n.av-special-heading.av-10i03a-0af71de38e87e3720d6840150d78c632 .av-subheading{\nfont-size:15px;\n}\n<\/style>\n<div  class='av-special-heading av-10i03a-0af71de38e87e3720d6840150d78c632 av-special-heading-h1 blockquote modern-quote  avia-builder-el-1  el_before_av_textblock  avia-builder-el-first '><h1 class='av-special-heading-tag'  itemprop=\"headline\"  >Chinesische Medizin<\/h1><div class=\"special-heading-border\"><div class=\"special-heading-inner-border\"><\/div><\/div><\/div><br \/>\n<section  class='av_textblock_section av-w3v6u-1f75c0ea7b7eca1c5d9411fed063eab3 '   itemscope=\"itemscope\" itemtype=\"https:\/\/schema.org\/CreativeWork\" ><div class='avia_textblock'  itemprop=\"text\" ><p>Gesundheit ist ein Fliessgleichgewicht. In der chinesischen Medizin wird dies durch das\u00a0Symbol des Yin und Yang deutlich sichtbar. Sind diese beiden polaren Kr\u00e4fte in Harmonie, kann das Qi frei zirkulieren und der Mensch ist gesund. Nimmt die eine oder andere Kraft jedoch \u00fcberhand, entstehen St\u00f6rungen und Krankheiten treten auf. Eine Behandlung zielt daher immer darauf ab, den freien Fluss des Qi&#8217;s herzustellen und den Menschen wieder ins Gleichgewicht zu bringen.<\/p>\n<p>Die chinesische Medizin ist ein \u00fcber 2500 Jahre altes Medizinsystem, welches \u00fcber die Zeit immer weiter entwickelt und verfeinert wurde. Sie ist eine der \u00e4ltesten Behandlungsmethoden, welche auch heute noch aktiv praktiziert wird. Die Chinesische Medizin unterst\u00fctzt den K\u00f6rper in Heilungsprozessen, f\u00f6rdert die Gesundheit und harmonisiert das gesamte Energiesystem des Menschen. Sie kann grunds\u00e4tzlich bei allen Erkrankungen angewendet werden.<\/p>\n<p><a href=\"..\/wp-content\/uploads\/2024\/09\/Uebersicht-der-Indikationen-der-TCM-gemaess-der-WHO.pdf\" target=\"_blank\" rel=\"noopener\">U\u0308bersicht der Indikationen der TCM gema\u0308ss der Weltgesundheitsorganisation WHO (PDF)<\/a><br \/>\n<a href=\"..\/wp-content\/uploads\/2024\/09\/Indikationen-rund-um-Schwangerschaft-Geburt-und-Wochenbett.pdf\" target=\"_blank\" rel=\"noopener\">Spezifische Indikationen der TCM rund um Schwangerschaft, Geburt und Wochenbett (PDF)<\/a><\/p>\n<\/div><\/section><\/p><\/div>\n<div  id=\"av-sc-portfolio-1\"  class=\"av-portfolio-grid-sorting-container\"><div class='sort_width_container  av-sort-yes' data-portfolio-id='1' ><div id='js_sort_items' ><div class='sort_by_cat '><a href=\"#\" data-filter=\"all_sort\" class=\"all_sort_button active_sort\"><span class=\"inner_sort_button\"><span>Alle<\/span><small class=\"av-cat-count\"> 6 <\/small><\/span><\/a><span class=\"text-sep kraeuter_sort_sep\">\/<\/span><a href=\"#\" data-filter=\"kraeuter_sort\" class=\"kraeuter_sort_button\" ><span class=\"inner_sort_button\"><span>Kr\u00e4uter<\/span><small class=\"av-cat-count\"> 2 <\/small><\/span><\/a><span class=\"text-sep manuelle-therapie_sort_sep\">\/<\/span><a href=\"#\" data-filter=\"manuelle-therapie_sort\" class=\"manuelle-therapie_sort_button\" ><span class=\"inner_sort_button\"><span>Manuelle Therapie<\/span><small class=\"av-cat-count\"> 5 <\/small><\/span><\/a><\/div><\/div><\/div><div  class=' grid-sort-container isotope   no_margin-container with-title-container grid-total-even grid-col-3 grid-links-' data-portfolio-id='1'><div data-ajax-id='480' class=' grid-entry flex_column isotope-item all_sort no_margin post-entry post-entry-480 grid-entry-overview grid-loop-1 grid-parity-odd  manuelle-therapie_sort  av_one_third first default_av_fullwidth '><article class='main_color inner-entry'  itemscope=\"itemscope\" itemtype=\"https:\/\/schema.org\/CreativeWork\" ><a href=\"https:\/\/www.healingartsbern.ch\/?portfolio=480\" title='Akupunktur'  data-rel='grid-1' class='grid-image avia-hover-fx'> <img decoding=\"async\" width=\"495\" height=\"400\" src=\"https:\/\/www.healingartsbern.ch\/wp-content\/uploads\/2016\/10\/Fotolia_47109801_M-495x400.jpg\" class=\"wp-image-257 avia-img-lazy-loading-not-257 attachment-portfolio size-portfolio wp-post-image\" alt=\"\" srcset=\"https:\/\/www.healingartsbern.ch\/wp-content\/uploads\/2016\/10\/Fotolia_47109801_M-495x400.jpg 495w, https:\/\/www.healingartsbern.ch\/wp-content\/uploads\/2016\/10\/Fotolia_47109801_M-845x684.jpg 845w\" sizes=\"(max-width: 495px) 100vw, 495px\" \/><\/a><div class='grid-content'><div class='avia-arrow'><\/div><header class=\"entry-content-header\"><h3 class='grid-entry-title entry-title '  itemprop=\"headline\" ><a href='https:\/\/www.healingartsbern.ch\/?portfolio=480' title='Akupunktur'>Akupunktur<\/a><\/h3><\/header><\/div><footer class=\"entry-footer\"><\/footer><\/article><\/div><div data-ajax-id='483' class=' grid-entry flex_column isotope-item all_sort no_margin post-entry post-entry-483 grid-entry-overview grid-loop-2 grid-parity-even  kraeuter_sort  av_one_third  default_av_fullwidth '><article class='main_color inner-entry'  itemscope=\"itemscope\" itemtype=\"https:\/\/schema.org\/CreativeWork\" ><a href=\"https:\/\/www.healingartsbern.ch\/?portfolio=chinesische-arzneimittel-therapie\" title='Chinesische Arzneimitteltherapie'  data-rel='grid-1' class='grid-image avia-hover-fx'> <img decoding=\"async\" width=\"495\" height=\"400\" src=\"https:\/\/www.healingartsbern.ch\/wp-content\/uploads\/2016\/10\/Fotolia_109544361_M-495x400.jpg\" class=\"wp-image-258 avia-img-lazy-loading-not-258 attachment-portfolio size-portfolio wp-post-image\" alt=\"\" srcset=\"https:\/\/www.healingartsbern.ch\/wp-content\/uploads\/2016\/10\/Fotolia_109544361_M-495x400.jpg 495w, https:\/\/www.healingartsbern.ch\/wp-content\/uploads\/2016\/10\/Fotolia_109544361_M-845x684.jpg 845w\" sizes=\"(max-width: 495px) 100vw, 495px\" \/><\/a><div class='grid-content'><div class='avia-arrow'><\/div><header class=\"entry-content-header\"><h3 class='grid-entry-title entry-title '  itemprop=\"headline\" ><a href='https:\/\/www.healingartsbern.ch\/?portfolio=chinesische-arzneimittel-therapie' title='Chinesische Arzneimitteltherapie'>Chinesische Arzneimitteltherapie<\/a><\/h3><\/header><\/div><footer class=\"entry-footer\"><\/footer><\/article><\/div><div data-ajax-id='485' class=' grid-entry flex_column isotope-item all_sort no_margin post-entry post-entry-485 grid-entry-overview grid-loop-3 grid-parity-odd  manuelle-therapie_sort  av_one_third  default_av_fullwidth '><article class='main_color inner-entry'  itemscope=\"itemscope\" itemtype=\"https:\/\/schema.org\/CreativeWork\" ><a href=\"https:\/\/www.healingartsbern.ch\/?portfolio=fussreflexzonenmassage\" title='Fussreflexzonenmassage'  data-rel='grid-1' class='grid-image avia-hover-fx'> <img decoding=\"async\" width=\"495\" height=\"400\" src=\"https:\/\/www.healingartsbern.ch\/wp-content\/uploads\/2015\/07\/Fotolia_61208351_M-495x400.jpg\" class=\"wp-image-426 avia-img-lazy-loading-not-426 attachment-portfolio size-portfolio wp-post-image\" alt=\"\" srcset=\"https:\/\/www.healingartsbern.ch\/wp-content\/uploads\/2015\/07\/Fotolia_61208351_M-495x400.jpg 495w, https:\/\/www.healingartsbern.ch\/wp-content\/uploads\/2015\/07\/Fotolia_61208351_M-845x684.jpg 845w\" sizes=\"(max-width: 495px) 100vw, 495px\" \/><\/a><div class='grid-content'><div class='avia-arrow'><\/div><header class=\"entry-content-header\"><h3 class='grid-entry-title entry-title '  itemprop=\"headline\" ><a href='https:\/\/www.healingartsbern.ch\/?portfolio=fussreflexzonenmassage' title='Fussreflexzonenmassage'>Fussreflexzonenmassage<\/a><\/h3><\/header><\/div><footer class=\"entry-footer\"><\/footer><\/article><\/div><div data-ajax-id='490' class=' grid-entry flex_column isotope-item all_sort no_margin post-entry post-entry-490 grid-entry-overview grid-loop-4 grid-parity-even  kraeuter_sort manuelle-therapie_sort  av_one_third first default_av_fullwidth '><article class='main_color inner-entry'  itemscope=\"itemscope\" itemtype=\"https:\/\/schema.org\/CreativeWork\" ><a href=\"https:\/\/www.healingartsbern.ch\/?portfolio=moxa\" title='Moxa'  data-rel='grid-1' class='grid-image avia-hover-fx'> <img decoding=\"async\" width=\"495\" height=\"400\" src=\"https:\/\/www.healingartsbern.ch\/wp-content\/uploads\/2016\/11\/Moxa2-495x400.jpg\" class=\"wp-image-360 avia-img-lazy-loading-not-360 attachment-portfolio size-portfolio wp-post-image\" alt=\"\" \/><\/a><div class='grid-content'><div class='avia-arrow'><\/div><header class=\"entry-content-header\"><h3 class='grid-entry-title entry-title '  itemprop=\"headline\" ><a href='https:\/\/www.healingartsbern.ch\/?portfolio=moxa' title='Moxa'>Moxa<\/a><\/h3><\/header><\/div><footer class=\"entry-footer\"><\/footer><\/article><\/div><div data-ajax-id='493' class=' grid-entry flex_column isotope-item all_sort no_margin post-entry post-entry-493 grid-entry-overview grid-loop-5 grid-parity-odd  manuelle-therapie_sort  av_one_third  default_av_fullwidth '><article class='main_color inner-entry'  itemscope=\"itemscope\" itemtype=\"https:\/\/schema.org\/CreativeWork\" ><a href=\"https:\/\/www.healingartsbern.ch\/?portfolio=schroepfen\" title='Schr\u00f6pfen'  data-rel='grid-1' class='grid-image avia-hover-fx'> <img decoding=\"async\" width=\"495\" height=\"400\" src=\"https:\/\/www.healingartsbern.ch\/wp-content\/uploads\/2016\/10\/Fotolia_83007699_M-495x400.jpg\" class=\"wp-image-259 avia-img-lazy-loading-not-259 attachment-portfolio size-portfolio wp-post-image\" alt=\"\" srcset=\"https:\/\/www.healingartsbern.ch\/wp-content\/uploads\/2016\/10\/Fotolia_83007699_M-495x400.jpg 495w, https:\/\/www.healingartsbern.ch\/wp-content\/uploads\/2016\/10\/Fotolia_83007699_M-845x684.jpg 845w\" sizes=\"(max-width: 495px) 100vw, 495px\" \/><\/a><div class='grid-content'><div class='avia-arrow'><\/div><header class=\"entry-content-header\"><h3 class='grid-entry-title entry-title '  itemprop=\"headline\" ><a href='https:\/\/www.healingartsbern.ch\/?portfolio=schroepfen' title='Schr\u00f6pfen'>Schr\u00f6pfen<\/a><\/h3><\/header><\/div><footer class=\"entry-footer\"><\/footer><\/article><\/div><div data-ajax-id='496' class=' grid-entry flex_column isotope-item all_sort no_margin post-entry post-entry-496 grid-entry-overview grid-loop-6 grid-parity-even  post-entry-last  manuelle-therapie_sort  av_one_third  default_av_fullwidth '><article class='main_color inner-entry'  itemscope=\"itemscope\" itemtype=\"https:\/\/schema.org\/CreativeWork\" ><a href=\"https:\/\/www.healingartsbern.ch\/?portfolio=ohrakupunktur-2\" title='Ohrakupunktur'  data-rel='grid-1' class='grid-image avia-hover-fx'> <img decoding=\"async\" width=\"495\" height=\"400\" src=\"https:\/\/www.healingartsbern.ch\/wp-content\/uploads\/2016\/11\/ohrsamen1-495x400.jpg\" class=\"wp-image-468 avia-img-lazy-loading-not-468 attachment-portfolio size-portfolio wp-post-image\" alt=\"\" \/><\/a><div class='grid-content'><div class='avia-arrow'><\/div><header class=\"entry-content-header\"><h3 class='grid-entry-title entry-title '  itemprop=\"headline\" ><a href='https:\/\/www.healingartsbern.ch\/?portfolio=ohrakupunktur-2' title='Ohrakupunktur'>Ohrakupunktur<\/a><\/h3><\/header><\/div><footer class=\"entry-footer\"><\/footer><\/article><\/div><\/div><\/div>   <!--   class=\"av-portfolio-grid-sorting-container\"  -->\n\n<style type=\"text\/css\" data-created_by=\"avia_inline_auto\" id=\"style-css-av-nh7jq-88e910e7192247794b4b0694ad039c66\">\n.flex_column.av-nh7jq-88e910e7192247794b4b0694ad039c66{\nborder-radius:0px 0px 0px 0px;\npadding:0px 0px 0px 0px;\n}\n<\/style>\n<div  class='flex_column av-nh7jq-88e910e7192247794b4b0694ad039c66 av_one_full  avia-builder-el-4  el_after_av_portfolio  avia-builder-el-no-sibling  first flex_column_div av-zero-column-padding  '     ><p>\n<style type=\"text\/css\" data-created_by=\"avia_inline_auto\" id=\"style-css-av-fp4zi-9188cb2b7d7e2a2b64147c7009c3152b\">\n#top .av-special-heading.av-fp4zi-9188cb2b7d7e2a2b64147c7009c3152b{\npadding-bottom:10px;\nfont-size:40px;\n}\nbody .av-special-heading.av-fp4zi-9188cb2b7d7e2a2b64147c7009c3152b .av-special-heading-tag .heading-char{\nfont-size:25px;\n}\n#top #wrap_all .av-special-heading.av-fp4zi-9188cb2b7d7e2a2b64147c7009c3152b .av-special-heading-tag{\nfont-size:40px;\n}\n.av-special-heading.av-fp4zi-9188cb2b7d7e2a2b64147c7009c3152b .av-subheading{\nfont-size:15px;\n}\n\n@media only screen and (min-width: 480px) and (max-width: 767px){ \n#top #wrap_all .av-special-heading.av-fp4zi-9188cb2b7d7e2a2b64147c7009c3152b .av-special-heading-tag{\nfont-size:0.8em;\n}\n}\n\n@media only screen and (max-width: 479px){ \n#top #wrap_all .av-special-heading.av-fp4zi-9188cb2b7d7e2a2b64147c7009c3152b .av-special-heading-tag{\nfont-size:0.8em;\n}\n}\n<\/style>\n<div  class='av-special-heading av-fp4zi-9188cb2b7d7e2a2b64147c7009c3152b av-special-heading-h1 blockquote modern-quote  avia-builder-el-5  el_before_av_textblock  avia-builder-el-first  av-inherit-size'><h1 class='av-special-heading-tag'  itemprop=\"headline\"  >Info<\/h1><div class=\"special-heading-border\"><div class=\"special-heading-inner-border\"><\/div><\/div><\/div><br \/>\n<section  class='av_textblock_section av-95iqe-9a8e5fe88f73e2ece3de0c22af393888 '   itemscope=\"itemscope\" itemtype=\"https:\/\/schema.org\/CreativeWork\" ><div class='avia_textblock'  itemprop=\"text\" ><p><strong>Behandlung<\/strong><br \/>\nEine Behandlung dauert in der Regel circa 60 Min. Bitte rechnen Sie f\u00fcr die Erstbehandlung mit ausf\u00fchrlichem Anamnesegespr\u00e4ch mehr Zeit ein circa 75-90 Min.<\/p>\n<p><strong>Kosten<\/strong><br \/>\nBehandlungen: CHF 144.-\/60Min.<br \/>\nKr\u00e4uterrezepturen: circa CHF 37.00 &#8211; 40.00 pro Woche<\/p>\n<p><strong>Zusatzsversicherung<\/strong><br \/>\nIch bin vom Kantonsartzamt, dem EMR und von der ASCA anerkannt und die Kosten werden i.R. von der Zusatzversicherung \u00fcbernommen.<\/p>\n<p><strong>Terminabsagen<\/strong><br \/>\nBitte sagen Sie bei Verhinderung einen Termin 24h vorher ab, so sparen Sie sich dessen Verrechnung.<\/p>\n<p><strong>Weiteres<\/strong><br \/>\nChinesische Medizin kann begleitend zur Schulmedizin und erg\u00e4nzend zu anderen Formen der komplement\u00e4r Medizin eingesetzt werden.<\/p>\n<p><strong>Kontakt<br \/>\n<\/strong>Wenn Sie interessiert sind und\/oder Fragen haben, d\u00fcrfen Sie mich gerne unverbindlich kontaktieren.<br \/>\nSimone Frei: 079 336 71 04, s.frei@healingartsbern.ch<\/p>\n<\/div><\/section><\/p><\/div>\n","protected":false},"excerpt":{"rendered":"","protected":false},"author":1,"featured_media":239,"parent":0,"menu_order":0,"comment_status":"open","ping_status":"open","template":"","meta":{"footnotes":""},"class_list":["post-102","page","type-page","status-publish","has-post-thumbnail","hentry"],"jetpack_sharing_enabled":true,"_links":{"self":[{"href":"https:\/\/www.healingartsbern.ch\/index.php?rest_route=\/wp\/v2\/pages\/102","targetHints":{"allow":["GET"]}}],"collection":[{"href":"https:\/\/www.healingartsbern.ch\/index.php?rest_route=\/wp\/v2\/pages"}],"about":[{"href":"https:\/\/www.healingartsbern.ch\/index.php?rest_route=\/wp\/v2\/types\/page"}],"author":[{"embeddable":true,"href":"https:\/\/www.healingartsbern.ch\/index.php?rest_route=\/wp\/v2\/users\/1"}],"replies":[{"embeddable":true,"href":"https:\/\/www.healingartsbern.ch\/index.php?rest_route=%2Fwp%2Fv2%2Fcomments&post=102"}],"version-history":[{"count":47,"href":"https:\/\/www.healingartsbern.ch\/index.php?rest_route=\/wp\/v2\/pages\/102\/revisions"}],"predecessor-version":[{"id":1082,"href":"https:\/\/www.healingartsbern.ch\/index.php?rest_route=\/wp\/v2\/pages\/102\/revisions\/1082"}],"wp:featuredmedia":[{"embeddable":true,"href":"https:\/\/www.healingartsbern.ch\/index.php?rest_route=\/wp\/v2\/media\/239"}],"wp:attachment":[{"href":"https:\/\/www.healingartsbern.ch\/index.php?rest_route=%2Fwp%2Fv2%2Fmedia&parent=102"}],"curies":[{"name":"wp","href":"https:\/\/api.w.org\/{rel}","templated":true}]}}