{"id":156,"date":"2015-07-16T09:12:51","date_gmt":"2015-07-16T09:12:51","guid":{"rendered":"http:\/\/test.kriesi.at\/minimal-portfolio\/?page_id=156"},"modified":"2023-08-25T14:32:37","modified_gmt":"2023-08-25T14:32:37","slug":"contact","status":"publish","type":"page","link":"https:\/\/www.healingartsbern.ch\/?page_id=156","title":{"rendered":"Kontakt"},"content":{"rendered":"\n<style type=\"text\/css\" data-created_by=\"avia_inline_auto\" id=\"style-css-av-27orl0-88ccf88208bcf90cbc5c6fc364a29aaf\">\n.flex_column.av-27orl0-88ccf88208bcf90cbc5c6fc364a29aaf{\nborder-radius:0px 0px 0px 0px;\npadding:0px 0px 0px 0px;\n}\n<\/style>\n<div  class='flex_column av-27orl0-88ccf88208bcf90cbc5c6fc364a29aaf av_one_full  avia-builder-el-0  el_before_av_two_fifth  avia-builder-el-first  first flex_column_div av-zero-column-padding  '     ><\/div>\n\n<style type=\"text\/css\" data-created_by=\"avia_inline_auto\" id=\"style-css-av-20eed8-5f0e08806093fb37be4049718c88f695\">\n.flex_column.av-20eed8-5f0e08806093fb37be4049718c88f695{\nborder-radius:0px 0px 0px 0px;\npadding:0px 0px 0px 0px;\n}\n<\/style>\n<div  class='flex_column av-20eed8-5f0e08806093fb37be4049718c88f695 av_two_fifth  avia-builder-el-1  el_after_av_one_full  el_before_av_three_fifth  first flex_column_div av-animated-generic bottom-to-top av-zero-column-padding  column-top-margin'     ><p>\n<style type=\"text\/css\" data-created_by=\"avia_inline_auto\" id=\"style-css-av-1u75bw-66dd82dbd9600bd17ddade61454816f6\">\n#top .av-special-heading.av-1u75bw-66dd82dbd9600bd17ddade61454816f6{\npadding-bottom:10px;\n}\nbody .av-special-heading.av-1u75bw-66dd82dbd9600bd17ddade61454816f6 .av-special-heading-tag .heading-char{\nfont-size:25px;\n}\n.av-special-heading.av-1u75bw-66dd82dbd9600bd17ddade61454816f6 .av-subheading{\nfont-size:15px;\n}\n<\/style>\n<div  class='av-special-heading av-1u75bw-66dd82dbd9600bd17ddade61454816f6 av-special-heading-h3 blockquote modern-quote  avia-builder-el-2  el_before_av_textblock  avia-builder-el-first '><h3 class='av-special-heading-tag'  itemprop=\"headline\"  >Kontakt<\/h3><div class=\"special-heading-border\"><div class=\"special-heading-inner-border\"><\/div><\/div><\/div><br \/>\n<section  class='av_textblock_section av-65a64-272419237d63ff0425a6d8b67ae37d52 '   itemscope=\"itemscope\" itemtype=\"https:\/\/schema.org\/CreativeWork\" ><div class='avia_textblock'  itemprop=\"text\" ><p><strong>Praxis:<\/strong><br \/>\nWyttenbachstrasse 20<br \/>\n3013 Bern<\/p>\n<p><strong>Chinesische Medizin:<\/strong><br \/>\nSimone Frei<br \/>\n079 336 71 04<br \/>\ns.frei@healingartsbern.ch<\/p>\n<p><strong>Bach Bl\u00fcten &amp; Beratung<\/strong><strong>:<\/strong><br \/>\nD\u00e9sir\u00e9e Meyer<br \/>\nd.meyer@healingartsbern.ch<br \/>\n<strong><br \/>\n<\/strong><\/p>\n<\/div><\/section><\/p><\/div>\n<style type=\"text\/css\" data-created_by=\"avia_inline_auto\" id=\"style-css-av-1jvx4s-9890c66a68e863aee8fbc401632794d9\">\n.flex_column.av-1jvx4s-9890c66a68e863aee8fbc401632794d9{\nborder-radius:0px 0px 0px 0px;\npadding:0px 0px 0px 0px;\n}\n<\/style>\n<div  class='flex_column av-1jvx4s-9890c66a68e863aee8fbc401632794d9 av_three_fifth  avia-builder-el-4  el_after_av_two_fifth  el_before_av_one_full  flex_column_div av-zero-column-padding  column-top-margin'     ><p>\n<style type=\"text\/css\" data-created_by=\"avia_inline_auto\" id=\"style-css-av-1cgr2s-43d840d42bf70f4ea50a19d4b43aa7f7\">\n#top .av-special-heading.av-1cgr2s-43d840d42bf70f4ea50a19d4b43aa7f7{\npadding-bottom:10px;\n}\nbody .av-special-heading.av-1cgr2s-43d840d42bf70f4ea50a19d4b43aa7f7 .av-special-heading-tag .heading-char{\nfont-size:25px;\n}\n.av-special-heading.av-1cgr2s-43d840d42bf70f4ea50a19d4b43aa7f7 .av-subheading{\nfont-size:15px;\n}\n<\/style>\n<div  class='av-special-heading av-1cgr2s-43d840d42bf70f4ea50a19d4b43aa7f7 av-special-heading-h3 blockquote modern-quote  avia-builder-el-5  el_before_av_textblock  avia-builder-el-first '><h3 class='av-special-heading-tag'  itemprop=\"headline\"  >Wegbeschreibung<\/h3><div class=\"special-heading-border\"><div class=\"special-heading-inner-border\"><\/div><\/div><\/div><br \/>\n<section  class='av_textblock_section av-18e3r8-48fbe2618a45883b4984df06e49de51d '   itemscope=\"itemscope\" itemtype=\"https:\/\/schema.org\/CreativeWork\" ><div class='avia_textblock'  itemprop=\"text\" ><p style=\"text-align: justify;\"><strong>\u00d6ffentliche Verkehrsmittel:<\/strong><br \/>\nAb Bahnhof SBB Bus Nr. 20 (Richtung Wankdorf-Bahnhof) bis zur zweiten Haltestelle &#8222;Gewerbeschule&#8220;, ca. 50m in Fahrtrichtung geradeaus gehen und in die n\u00e4chste Seitenstrasse rechts abbiegen. Nach ca. 50m kommt die Wyttenbachstrasse, rechts abbiegen, das zweite Haus links ist die Nr. 20.<\/p>\n<p style=\"text-align: justify;\"><strong>Mit dem Auto:<\/strong><br \/>\nAutobahnausfahrt &#8222;Bern-Wankdorf&#8220;, Richtung Zentrum\/Bahnhof bis zum Nordring. Der Nordring f\u00fchrt den H\u00fcgel hinunter, vor der Lorrainebr\u00fccke links Richtung Kursaal, dann die erste Strasse links.<br \/>\nParkm\u00f6glichkeiten: Vor der Lorrainebr\u00fccke rechts vor der Migros (kostenpflichtig). Einfahrt zum Parkplatz kurz nach dem\u00a0Lichtsignal vor der Migros.<\/p>\n<p><strong>\u00a0<\/strong><\/p>\n<\/div><\/section><\/p><\/div><\/p>\n\n<style type=\"text\/css\" data-created_by=\"avia_inline_auto\" id=\"style-css-av-12uu58-b49ee8d9ac1fe54943786cf6ed3bb50c\">\n.flex_column.av-12uu58-b49ee8d9ac1fe54943786cf6ed3bb50c{\nborder-radius:0px 0px 0px 0px;\npadding:0px 0px 0px 0px;\n}\n<\/style>\n<div  class='flex_column av-12uu58-b49ee8d9ac1fe54943786cf6ed3bb50c av_one_full  avia-builder-el-7  el_after_av_three_fifth  el_before_av_one_fifth  first flex_column_div av-zero-column-padding  '     ><\/div>\n\n<style type=\"text\/css\" data-created_by=\"avia_inline_auto\" id=\"style-css-av-3dmz8-2c3fb30644126c214dd06c7c053b6366\">\n.flex_column.av-3dmz8-2c3fb30644126c214dd06c7c053b6366{\nborder-radius:0px 0px 0px 0px;\npadding:0px 0px 0px 0px;\n}\n<\/style>\n<div  class='flex_column av-3dmz8-2c3fb30644126c214dd06c7c053b6366 av_one_fifth  avia-builder-el-8  el_after_av_one_full  el_before_av_three_fifth  first flex_column_div av-zero-column-padding  column-top-margin'     ><\/div>\n\n<style type=\"text\/css\" data-created_by=\"avia_inline_auto\" id=\"style-css-av-rkvy4-5bca63c24ace833905b674870b9ec17d\">\n.flex_column.av-rkvy4-5bca63c24ace833905b674870b9ec17d{\nborder-radius:0px 0px 0px 0px;\npadding:0px 0px 0px 0px;\n}\n<\/style>\n<div  class='flex_column av-rkvy4-5bca63c24ace833905b674870b9ec17d av_three_fifth  avia-builder-el-9  el_after_av_one_fifth  el_before_av_one_fifth  flex_column_div av-animated-generic bottom-to-top av-zero-column-padding  column-top-margin'     ><style type=\"text\/css\" data-created_by=\"avia_inline_auto\" id=\"style-css-av-mkb6c-6b58a1fe3086dfe69e5c82411cfd4fd6\">\n#top .av-special-heading.av-mkb6c-6b58a1fe3086dfe69e5c82411cfd4fd6{\npadding-bottom:10px;\n}\nbody .av-special-heading.av-mkb6c-6b58a1fe3086dfe69e5c82411cfd4fd6 .av-special-heading-tag .heading-char{\nfont-size:25px;\n}\n.av-special-heading.av-mkb6c-6b58a1fe3086dfe69e5c82411cfd4fd6 .av-subheading{\nfont-size:15px;\n}\n<\/style>\n<div  class='av-special-heading av-mkb6c-6b58a1fe3086dfe69e5c82411cfd4fd6 av-special-heading-h3 blockquote modern-quote modern-centered  avia-builder-el-10  avia-builder-el-no-sibling '><h3 class='av-special-heading-tag'  itemprop=\"headline\"  >F\u00fcr Terminvereinbarungen und Fragen stehen wir gerne telefonisch oder per Mail zur Verf\u00fcgung.<\/h3><div class=\"special-heading-border\"><div class=\"special-heading-inner-border\"><\/div><\/div><\/div><\/div>\n\n<style type=\"text\/css\" data-created_by=\"avia_inline_auto\" id=\"style-css-av-egblo-eba0fd291f52a4cf9989383eb2753264\">\n.flex_column.av-egblo-eba0fd291f52a4cf9989383eb2753264{\nborder-radius:0px 0px 0px 0px;\npadding:0px 0px 0px 0px;\n}\n<\/style>\n<div  class='flex_column av-egblo-eba0fd291f52a4cf9989383eb2753264 av_one_fifth  avia-builder-el-11  el_after_av_three_fifth  el_before_av_one_full  flex_column_div av-zero-column-padding  column-top-margin'     ><\/div>\n\n<style type=\"text\/css\" data-created_by=\"avia_inline_auto\" id=\"style-css-av-7kt3w-1c4e78115420a299558cb6439d8ade34\">\n.flex_column.av-7kt3w-1c4e78115420a299558cb6439d8ade34{\nborder-radius:0px 0px 0px 0px;\npadding:0px 0px 0px 0px;\n}\n<\/style>\n<div  class='flex_column av-7kt3w-1c4e78115420a299558cb6439d8ade34 av_one_full  avia-builder-el-12  el_after_av_one_fifth  avia-builder-el-last  first flex_column_div av-zero-column-padding  column-top-margin'     ><\/div>\n","protected":false},"excerpt":{"rendered":"","protected":false},"author":1,"featured_media":0,"parent":0,"menu_order":0,"comment_status":"open","ping_status":"open","template":"","meta":{"footnotes":""},"class_list":["post-156","page","type-page","status-publish","hentry"],"jetpack_sharing_enabled":true,"_links":{"self":[{"href":"https:\/\/www.healingartsbern.ch\/index.php?rest_route=\/wp\/v2\/pages\/156","targetHints":{"allow":["GET"]}}],"collection":[{"href":"https:\/\/www.healingartsbern.ch\/index.php?rest_route=\/wp\/v2\/pages"}],"about":[{"href":"https:\/\/www.healingartsbern.ch\/index.php?rest_route=\/wp\/v2\/types\/page"}],"author":[{"embeddable":true,"href":"https:\/\/www.healingartsbern.ch\/index.php?rest_route=\/wp\/v2\/users\/1"}],"replies":[{"embeddable":true,"href":"https:\/\/www.healingartsbern.ch\/index.php?rest_route=%2Fwp%2Fv2%2Fcomments&post=156"}],"version-history":[{"count":53,"href":"https:\/\/www.healingartsbern.ch\/index.php?rest_route=\/wp\/v2\/pages\/156\/revisions"}],"predecessor-version":[{"id":961,"href":"https:\/\/www.healingartsbern.ch\/index.php?rest_route=\/wp\/v2\/pages\/156\/revisions\/961"}],"wp:attachment":[{"href":"https:\/\/www.healingartsbern.ch\/index.php?rest_route=%2Fwp%2Fv2%2Fmedia&parent=156"}],"curies":[{"name":"wp","href":"https:\/\/api.w.org\/{rel}","templated":true}]}}