{"id":726,"date":"2019-10-23T17:17:41","date_gmt":"2019-10-23T17:17:41","guid":{"rendered":"https:\/\/www.healingartsbern.ch\/?page_id=726"},"modified":"2025-10-13T11:59:25","modified_gmt":"2025-10-13T11:59:25","slug":"bach-blueten","status":"publish","type":"page","link":"https:\/\/www.healingartsbern.ch\/?page_id=726","title":{"rendered":"Bach Bl\u00fcten &#038; Beratung"},"content":{"rendered":"\n<style type=\"text\/css\" data-created_by=\"avia_inline_auto\" id=\"style-css-av-180z7a-d27c7351b19d9f3f0cd557168f85004a\">\n#top .av-special-heading.av-180z7a-d27c7351b19d9f3f0cd557168f85004a{\npadding-bottom:10px;\n}\nbody .av-special-heading.av-180z7a-d27c7351b19d9f3f0cd557168f85004a .av-special-heading-tag .heading-char{\nfont-size:25px;\n}\n.av-special-heading.av-180z7a-d27c7351b19d9f3f0cd557168f85004a .av-subheading{\nfont-size:15px;\n}\n<\/style>\n<div  class='av-special-heading av-180z7a-d27c7351b19d9f3f0cd557168f85004a av-special-heading-h1 blockquote modern-quote  avia-builder-el-0  el_before_av_textblock  avia-builder-el-first '><h1 class='av-special-heading-tag'  itemprop=\"headline\"  >BACH BL\u00dcTEN<\/h1><div class=\"special-heading-border\"><div class=\"special-heading-inner-border\"><\/div><\/div><\/div>\n<section  class='av_textblock_section av-153wsm-65a68804cfa3d4242690fc850a6bf15c '   itemscope=\"itemscope\" itemtype=\"https:\/\/schema.org\/CreativeWork\" ><div class='avia_textblock'  itemprop=\"text\" ><p><img loading=\"lazy\" decoding=\"async\" class=\"size-medium wp-image-844 alignleft\" src=\"https:\/\/www.healingartsbern.ch\/wp-content\/uploads\/2019\/09\/Bach-Blu\u0308ten-Star-of-bethlehem-e1569231774987-300x300.jpeg\" alt=\"\" width=\"300\" height=\"300\" srcset=\"https:\/\/www.healingartsbern.ch\/wp-content\/uploads\/2019\/09\/Bach-Blu\u0308ten-Star-of-bethlehem-e1569231774987-300x300.jpeg 300w, https:\/\/www.healingartsbern.ch\/wp-content\/uploads\/2019\/09\/Bach-Blu\u0308ten-Star-of-bethlehem-e1569231774987-80x80.jpeg 80w, https:\/\/www.healingartsbern.ch\/wp-content\/uploads\/2019\/09\/Bach-Blu\u0308ten-Star-of-bethlehem-e1569231774987-768x768.jpeg 768w, https:\/\/www.healingartsbern.ch\/wp-content\/uploads\/2019\/09\/Bach-Blu\u0308ten-Star-of-bethlehem-e1569231774987-1030x1030.jpeg 1030w, https:\/\/www.healingartsbern.ch\/wp-content\/uploads\/2019\/09\/Bach-Blu\u0308ten-Star-of-bethlehem-e1569231774987-36x36.jpeg 36w, https:\/\/www.healingartsbern.ch\/wp-content\/uploads\/2019\/09\/Bach-Blu\u0308ten-Star-of-bethlehem-e1569231774987-180x180.jpeg 180w, https:\/\/www.healingartsbern.ch\/wp-content\/uploads\/2019\/09\/Bach-Blu\u0308ten-Star-of-bethlehem-e1569231774987-1500x1500.jpeg 1500w, https:\/\/www.healingartsbern.ch\/wp-content\/uploads\/2019\/09\/Bach-Blu\u0308ten-Star-of-bethlehem-e1569231774987-705x705.jpeg 705w, https:\/\/www.healingartsbern.ch\/wp-content\/uploads\/2019\/09\/Bach-Blu\u0308ten-Star-of-bethlehem-e1569231774987-120x120.jpeg 120w, https:\/\/www.healingartsbern.ch\/wp-content\/uploads\/2019\/09\/Bach-Blu\u0308ten-Star-of-bethlehem-e1569231774987-450x450.jpeg 450w\" sizes=\"auto, (max-width: 300px) 100vw, 300px\" \/><strong>Bach Bl\u00fcten nach Dr. Edward Bach<br \/>\n<\/strong>Anfangs 19. Jahrhundert suchte Dr. Edward Bach (Pathologe und Bakteriologe) nach einem Weg, Menschen als Individuen zu behandeln, statt ausschliesslich deren Symptome zu verarzten. In den 1930-er Jahren entdeckte er in England sukzessive 38 Bl\u00fcten, wobei jede von ihnen auf einen anderen geistigen oder seelischen Zustand abzielt.<\/p>\n<p>Nach Dr. Bach ist der Einklang mit der Seele, die Grundvoraussetzung f\u00fcr unsere Gesundheit (Dr. Bach: Heal Theyself). Dies ist so zu verstehen, dass Bach Bl\u00fcten k\u00f6rperliche oder psychische Krankheiten nicht direkt heilen. Sie wirken unterst\u00fctzend, indem sie die geistig-seelische Harmonie wiederherstellen und auf diese Weise auch die nat\u00fcrlichen Abwehrkr\u00e4fte des K\u00f6rpers st\u00e4rken.<\/p>\n<p>Es handelt sich um eine sanfte Heilmethode ohne Nebenwirkungen oder Kontraindikationen. In einer Bachbl\u00fctenmischung sind keine giftigen oder exotischen Pflanzen enthalten. Deshalb k\u00f6nnen Bachbl\u00fcten in jeglichen Lebenssituationen, erg\u00e4nzend zu anderen Behandlungsmethoden eingesetzt werden.<\/p>\n<p><strong>Gr\u00fcnde f\u00fcr eine Bach Bl\u00fcten Beratung<\/strong><\/p>\n<ul>\n<li>bei der Auseinandersetzung von Lebensfragen<\/li>\n<li>zur Unterst\u00fctzung bei chronischen Krankheiten<\/li>\n<li>bei negativen Gef\u00fchlszust\u00e4nden, depressiven Verstimmungen, \u00c4ngsten und Traumatisierungen<\/li>\n<li>bei Belastung und Stress<\/li>\n<li>in \u00dcbergangssituationen: Schwangerschaft und Geburt, Pubert\u00e4t, Schul-, Arbeits- und Ortswechsel, Pensionierung<\/li>\n<li>bei Trauer und Abschied<\/li>\n<li>zur Unterst\u00fctzung von Kindern und Jugendlichen in ihrer Entwicklung<\/li>\n<li>bei Menschen, die sich ohne medizinische Diagnose allgemein unwohl oder ersch\u00f6pft f\u00fchlen<\/li>\n<\/ul>\n<\/div><\/section>\n\n<style type=\"text\/css\" data-created_by=\"avia_inline_auto\" id=\"style-css-av-xfgmu-1c0f0d12e257123d9e2f3e7d1e2eaae2\">\n#top .av-special-heading.av-xfgmu-1c0f0d12e257123d9e2f3e7d1e2eaae2{\npadding-bottom:10px;\n}\nbody .av-special-heading.av-xfgmu-1c0f0d12e257123d9e2f3e7d1e2eaae2 .av-special-heading-tag .heading-char{\nfont-size:25px;\n}\n.av-special-heading.av-xfgmu-1c0f0d12e257123d9e2f3e7d1e2eaae2 .av-subheading{\nfont-size:15px;\n}\n<\/style>\n<div  class='av-special-heading av-xfgmu-1c0f0d12e257123d9e2f3e7d1e2eaae2 av-special-heading-h1 blockquote modern-quote  avia-builder-el-2  el_after_av_textblock  el_before_av_textblock '><h1 class='av-special-heading-tag'  itemprop=\"headline\"  >BERATUNG<\/h1><div class=\"special-heading-border\"><div class=\"special-heading-inner-border\"><\/div><\/div><\/div>\n<section  class='av_textblock_section av-snqja-3d3f2f07ac0208b6057bb633a1925b95 '   itemscope=\"itemscope\" itemtype=\"https:\/\/schema.org\/CreativeWork\" ><div class='avia_textblock'  itemprop=\"text\" ><p><img loading=\"lazy\" decoding=\"async\" class=\"size-medium wp-image-773 alignleft\" src=\"https:\/\/www.healingartsbern.ch\/wp-content\/uploads\/2019\/08\/bloom-1839140_1920-200x300.jpg\" alt=\"\" width=\"200\" height=\"300\" srcset=\"https:\/\/www.healingartsbern.ch\/wp-content\/uploads\/2019\/08\/bloom-1839140_1920-200x300.jpg 200w, https:\/\/www.healingartsbern.ch\/wp-content\/uploads\/2019\/08\/bloom-1839140_1920-768x1152.jpg 768w, https:\/\/www.healingartsbern.ch\/wp-content\/uploads\/2019\/08\/bloom-1839140_1920-687x1030.jpg 687w, https:\/\/www.healingartsbern.ch\/wp-content\/uploads\/2019\/08\/bloom-1839140_1920-1000x1500.jpg 1000w, https:\/\/www.healingartsbern.ch\/wp-content\/uploads\/2019\/08\/bloom-1839140_1920-470x705.jpg 470w, https:\/\/www.healingartsbern.ch\/wp-content\/uploads\/2019\/08\/bloom-1839140_1920-450x675.jpg 450w, https:\/\/www.healingartsbern.ch\/wp-content\/uploads\/2019\/08\/bloom-1839140_1920.jpg 1280w\" sizes=\"auto, (max-width: 200px) 100vw, 200px\" \/>In einem ersten Gespr\u00e4ch kl\u00e4ren wir die Erwartungen an die Beratung und die entsprechenden M\u00f6glichkeiten wie auch die Wirkung der Bachbl\u00fcten.<\/p>\n<p>Ja nach Bedarf und Fragen, fliessen meine psychosozialen Fachkenntnisse in das Gespr\u00e4ch mit ein. Somit sind auch eine l\u00e4ngere Prozessbegleitung und die Aufarbeitung verschiedener Themen m\u00f6glich.<\/p>\n<p>In dem Sie mir von Ihrer aktuellen Situation und Ihren Gef\u00fchlen erz\u00e4hlen, suchen wir gemeinsam nach den passenden Bl\u00fcten. Ziel der Beratung ist die Harmonisierung negativer Gef\u00fchlszust\u00e4nde und Ihre Bef\u00e4higung, die Bl\u00fcten schlussendlich selbst\u00e4ndig anwenden zu k\u00f6nnen.<\/p>\n<p>Nach Dr. Bach ergeben sich Gesundheit und Gl\u00fcck, wenn wir mit unserem inneren Wesen in Einklang sind und unser Leben danach ausrichten. Deshalb ist Ihre Bereitschaft, sich mit sich und der eigenen Lebenssituation auseinander zu setzen der eigentliche Kern der Beratung.<\/p>\n<\/div><\/section>\n\n<style type=\"text\/css\" data-created_by=\"avia_inline_auto\" id=\"style-css-av-lzgue-d77828423b2fc1f96a0662149b3e6de5\">\n.flex_column.av-lzgue-d77828423b2fc1f96a0662149b3e6de5{\nborder-radius:0px 0px 0px 0px;\npadding:0px 0px 0px 0px;\n}\n<\/style>\n<div  class='flex_column av-lzgue-d77828423b2fc1f96a0662149b3e6de5 av_one_full  avia-builder-el-4  el_after_av_textblock  avia-builder-el-last  first flex_column_div av-zero-column-padding  column-top-margin'     ><p>\n<style type=\"text\/css\" data-created_by=\"avia_inline_auto\" id=\"style-css-av-co4ba-9dcb56372418adaca98ab60d480760ac\">\n#top .av-special-heading.av-co4ba-9dcb56372418adaca98ab60d480760ac{\npadding-bottom:10px;\n}\nbody .av-special-heading.av-co4ba-9dcb56372418adaca98ab60d480760ac .av-special-heading-tag .heading-char{\nfont-size:25px;\n}\n.av-special-heading.av-co4ba-9dcb56372418adaca98ab60d480760ac .av-subheading{\nfont-size:15px;\n}\n<\/style>\n<div  class='av-special-heading av-co4ba-9dcb56372418adaca98ab60d480760ac av-special-heading-h1 blockquote modern-quote  avia-builder-el-5  el_before_av_textblock  avia-builder-el-first '><h1 class='av-special-heading-tag'  itemprop=\"headline\"  >Info<\/h1><div class=\"special-heading-border\"><div class=\"special-heading-inner-border\"><\/div><\/div><\/div><br \/>\n<section  class='av_textblock_section av-8bhfa-c310f9b2c0dcb86a327b54d6c73d0931 '   itemscope=\"itemscope\" itemtype=\"https:\/\/schema.org\/CreativeWork\" ><div class='avia_textblock'  itemprop=\"text\" ><p><strong>Ablauf<br \/>\n<\/strong>In einem ca. einst\u00fcndigen Gespr\u00e4ch suchen wir anhand ihrer aktuellen Gef\u00fchlslage die f\u00fcr Sie passenden Bl\u00fcten. Im Anschluss bereite ich Ihre pers\u00f6nliche Mischung zu. Es empfehlen sich mindestens zwei Beratungsgespr\u00e4che, damit erste Ver\u00e4nderungen aufgezeigt werden k\u00f6nnen.<\/p>\n<p><strong>Anwendung<br \/>\n<\/strong>Mind. 4 Mal t\u00e4glich jeweils 4 Tropfen auf die Zunge geben.<\/p>\n<p><strong>Wirkung<br \/>\n<\/strong>Eine erste Wirkung kann bereits nach den ersten 3 Tagen und sollte sp\u00e4testens nach 6 Wochen sp\u00fcrbar sein.<\/p>\n<p><strong>Wichtig zu wissen<\/strong><\/p>\n<ul>\n<li>Um die Haltbarkeit zu garantieren, enth\u00e4lt eine fertigen Bachbl\u00fctenmischung 3% Alkohol.<\/li>\n<li>Bachbl\u00fcten k\u00f6nnen begleitend zu jeder anderen Therapieform eingesetzt werden.<\/li>\n<li>Die Bachbl\u00fctenberatung ersetzt keine Psychotherapie oder andere medizinischen Massnahmen.<\/li>\n<li>Es kommen nur die Bl\u00fcten in die Mischung, die Sie anhand der Beratungsgespr\u00e4ches ausw\u00e4hlen.<\/li>\n<li>Die Beratung wird vertraulich behandelt.<\/li>\n<\/ul>\n<p><strong>Kosten<br \/>\n<\/strong><\/p>\n<ul>\n<li>Beratung (ca. 60 Min.) inkl. Mischung: CHF 75.-<\/li>\n<li>Mischung exkl. Beratung: CHF 15.-<\/li>\n<\/ul>\n<p>Die Zahlung erfolgt im Anschluss an das Beratungsgespr\u00e4ch, in bar gegen eine Quittung.<br \/>\nKeine Krankenkassenanerkennung.<\/p>\n<p><strong>Kontakt<br \/>\n<\/strong>Wenn Sie interessiert sind und\/oder Fragen haben, d\u00fcrfen Sie mich gerne unverbindlich kontaktieren.<br \/>\nD\u00e9sir\u00e9e Meyer: d.meyer@healingartsbern.ch<\/p>\n<\/div><\/section><\/p><\/div>\n","protected":false},"excerpt":{"rendered":"","protected":false},"author":1,"featured_media":0,"parent":0,"menu_order":0,"comment_status":"closed","ping_status":"closed","template":"","meta":{"footnotes":""},"class_list":["post-726","page","type-page","status-publish","hentry"],"jetpack_sharing_enabled":true,"_links":{"self":[{"href":"https:\/\/www.healingartsbern.ch\/index.php?rest_route=\/wp\/v2\/pages\/726","targetHints":{"allow":["GET"]}}],"collection":[{"href":"https:\/\/www.healingartsbern.ch\/index.php?rest_route=\/wp\/v2\/pages"}],"about":[{"href":"https:\/\/www.healingartsbern.ch\/index.php?rest_route=\/wp\/v2\/types\/page"}],"author":[{"embeddable":true,"href":"https:\/\/www.healingartsbern.ch\/index.php?rest_route=\/wp\/v2\/users\/1"}],"replies":[{"embeddable":true,"href":"https:\/\/www.healingartsbern.ch\/index.php?rest_route=%2Fwp%2Fv2%2Fcomments&post=726"}],"version-history":[{"count":47,"href":"https:\/\/www.healingartsbern.ch\/index.php?rest_route=\/wp\/v2\/pages\/726\/revisions"}],"predecessor-version":[{"id":925,"href":"https:\/\/www.healingartsbern.ch\/index.php?rest_route=\/wp\/v2\/pages\/726\/revisions\/925"}],"wp:attachment":[{"href":"https:\/\/www.healingartsbern.ch\/index.php?rest_route=%2Fwp%2Fv2%2Fmedia&parent=726"}],"curies":[{"name":"wp","href":"https:\/\/api.w.org\/{rel}","templated":true}]}}